{"id":4172,"date":"2015-05-04T14:00:26","date_gmt":"2015-05-04T14:00:26","guid":{"rendered":"http:\/\/www.montrealjazzband.com\/?page_id=4172"},"modified":"2025-05-18T20:02:21","modified_gmt":"2025-05-18T20:02:21","slug":"contact-us","status":"publish","type":"page","link":"https:\/\/www.montrealjazzband.com\/fr\/contact-us\/","title":{"rendered":"Contactez-nous"},"content":{"rendered":"<div class=\"wpb-content-wrapper\"><p>[vc_row iron_row_type=\u00a0\u00bbfull_width\u00a0\u00bb iron_remove_padding_medium=\u00a0\u00bbtabletnopadding\u00a0\u00bb iron_remove_padding_small=\u00a0\u00bb\u00a0\u00bb iron_overlay_pattern=\u00a0\u00bb\u00a0\u00bb iron_parallax=\u00a0\u00bbparallax\u00a0\u00bb iron_bg_video=\u00a0\u00bb\u00a0\u00bb css=\u00a0\u00bb.vc_custom_1700066162344{padding-top: 13% !important;padding-bottom: 13% !important;background-image: url(https:\/\/www.montrealjazzband.com\/wp-content\/uploads\/2023\/11\/LK4A6348-scaled.jpg?id=4837) !important;}\u00a0\u00bb][vc_column][vc_custom_heading text=\u00a0\u00bbCONTACTEZ-NOUS\u00a0\u00bb font_container=\u00a0\u00bbtag:h2|font_size:20px|text_align:center|color:%23e8b7a1|line_height:15px\u00a0\u00bb google_fonts=\u00a0\u00bbfont_family:Lato%3A100%2C100italic%2C300%2C300italic%2Cregular%2Citalic%2C700%2C700italic%2C900%2C900italic|font_style:400%20regular%3A400%3Anormal\u00a0\u00bb fit_bg_text=\u00a0\u00bb0&Prime;][vc_custom_heading text=\u00a0\u00bbNous serons l\u00e0 pour<br \/>\nvous guider \u00e0 chacune<br \/>\ndes \u00e9tapes du <i>Processus<\/i>\u00a0\u00bb font_container=\u00a0\u00bbtag:h5|font_size:40px|text_align:center|line_height:54px\u00a0\u00bb google_fonts=\u00a0\u00bbfont_family:ABeeZee%3Aregular%2Citalic|font_style:400%20regular%3A400%3Anormal\u00a0\u00bb fit_bg_text=\u00a0\u00bb0&Prime;]\t<div class=\"dividerwrap\" style=\"padding-top:20px; padding-bottom:px;\">\r\n\t\t<div class=\"imagedivider center\">\r\n\t\t<img decoding=\"async\" src=\"https:\/\/www.montrealjazzband.com\/wp-content\/uploads\/2015\/04\/icon_divider3.png\" class=\"imagedividerpic\" alt=\"divider\">\r\n\t\t<\/div>\r\n\t\t<div class=\"clear\"><\/div>\r\n\t<\/div>[\/vc_column][\/vc_row][vc_row iron_row_type=\u00a0\u00bbfull_width\u00a0\u00bb iron_remove_padding_medium=\u00a0\u00bb\u00a0\u00bb iron_remove_padding_small=\u00a0\u00bb\u00a0\u00bb iron_overlay_pattern=\u00a0\u00bb\u00a0\u00bb iron_parallax=\u00a0\u00bb\u00a0\u00bb iron_bg_video=\u00a0\u00bb\u00a0\u00bb css=\u00a0\u00bb.vc_custom_1702913616986{padding-top: 60px !important;padding-bottom: 60px !important;background-image: url(https:\/\/www.montrealjazzband.com\/wp-content\/uploads\/2023\/12\/Screen-Shot-2023-12-01-at-4.24.33-PM2.jpg?id=5057) !important;}\u00a0\u00bb][vc_column][vc_row_inner iron_bg_video=\u00a0\u00bb\u00a0\u00bb css=\u00a0\u00bb.vc_custom_1702913685325{padding-top: 30px !important;}\u00a0\u00bb][vc_column_inner width=\u00a0\u00bb1\/3&Prime;][vc_custom_heading text=\u00a0\u00bbINFORMATION G\u00c9N\u00c9RALE\u00a0\u00bb font_container=\u00a0\u00bbtag:h6|font_size:14px|text_align:center|color:%231e263f|line_height:14px\u00a0\u00bb google_fonts=\u00a0\u00bbfont_family:Lato%3A100%2C100italic%2C300%2C300italic%2Cregular%2Citalic%2C700%2C700italic%2C900%2C900italic|font_style:900%20bold%20regular%3A900%3Anormal\u00a0\u00bb fit_bg_text=\u00a0\u00bb0&Prime;][vc_column_text css=\u00a0\u00bb.vc_custom_1708095501576{margin-right: 65px !important;margin-left: 65px !important;}\u00a0\u00bb]<\/p>\n<p style=\"text-align: center; color: #1e263f; margin-bottom: 20px;\">\u00c9crivez-nous si vous avez des questions.<br \/>\nIl nous fera plaisir de vous r\u00e9pondre.<\/p>\n<p style=\"font-weight: bold; text-align: center;\">Courriel :<br \/>\n<a style=\"color: #1e263f; text-align: center; font-weight: 400;\" href=\"mailto:patrick@labelgroup.com\">info@montrealjazzband.com<\/a><\/p>\n<p style=\"text-align: center;\"><strong>T\u00e9l\u00e9phone :<\/strong><br \/>\n514.884.9932<\/p>\n<p>[\/vc_column_text][vc_empty_space][\/vc_column_inner][vc_column_inner width=\u00a0\u00bb2\/3&Prime; css=\u00a0\u00bb.vc_custom_1701466526545{padding-right: 30px !important;padding-left: 30px !important;}\u00a0\u00bb][vc_custom_heading text=\u00a0\u00bbBESOIN D&rsquo;UNE SOUMISSION POUR VOTRE \u00c9V\u00c9NEMENT?\u00a0\u00bb font_container=\u00a0\u00bbtag:h6|font_size:14px|text_align:left|color:%231e263f|line_height:14px\u00a0\u00bb google_fonts=\u00a0\u00bbfont_family:Lato%3A100%2C100italic%2C300%2C300italic%2Cregular%2Citalic%2C700%2C700italic%2C900%2C900italic|font_style:900%20bold%20regular%3A900%3Anormal\u00a0\u00bb fit_bg_text=\u00a0\u00bb0&Prime;]\n<div class=\"wpcf7 no-js\" id=\"wpcf7-f5248-o1\" lang=\"en-US\" dir=\"ltr\" data-wpcf7-id=\"5248\">\n<div class=\"screen-reader-response\"><p role=\"status\" aria-live=\"polite\" aria-atomic=\"true\"><\/p> <ul><\/ul><\/div>\n<form action=\"\/fr\/wp-json\/wp\/v2\/pages\/4172#wpcf7-f5248-o1\" method=\"post\" class=\"wpcf7-form init\" aria-label=\"Contact form\" novalidate=\"novalidate\" data-status=\"init\">\n<fieldset class=\"hidden-fields-container\"><input type=\"hidden\" name=\"_wpcf7\" value=\"5248\" \/><input type=\"hidden\" name=\"_wpcf7_version\" value=\"6.1.5\" \/><input type=\"hidden\" name=\"_wpcf7_locale\" value=\"en_US\" \/><input type=\"hidden\" name=\"_wpcf7_unit_tag\" value=\"wpcf7-f5248-o1\" \/><input type=\"hidden\" name=\"_wpcf7_container_post\" value=\"0\" \/><input type=\"hidden\" name=\"_wpcf7_posted_data_hash\" value=\"\" \/>\n<\/fieldset>\n<p><label> Votre nom*<br \/>\n<span class=\"wpcf7-form-control-wrap\" data-name=\"your-name\"><input size=\"40\" maxlength=\"400\" class=\"wpcf7-form-control wpcf7-text wpcf7-validates-as-required\" autocomplete=\"name\" aria-required=\"true\" aria-invalid=\"false\" value=\"\" type=\"text\" name=\"your-name\" \/><\/span> <\/label>\n<\/p>\n<p><label> Votre courriel*<br \/>\n<span class=\"wpcf7-form-control-wrap\" data-name=\"your-email\"><input size=\"40\" maxlength=\"400\" class=\"wpcf7-form-control wpcf7-email wpcf7-validates-as-required wpcf7-text wpcf7-validates-as-email\" autocomplete=\"email\" aria-required=\"true\" aria-invalid=\"false\" value=\"\" type=\"email\" name=\"your-email\" \/><\/span> <\/label>\n<\/p>\n<p><label> Votre num\u00e9ro de t\u00e9l\u00e9phone<br \/>\n<span class=\"wpcf7-form-control-wrap\" data-name=\"Phone-number\"><input size=\"40\" maxlength=\"400\" class=\"wpcf7-form-control wpcf7-tel wpcf7-text wpcf7-validates-as-tel\" aria-invalid=\"false\" value=\"\" type=\"tel\" name=\"Phone-number\" \/><\/span> <\/label>\n<\/p>\n<p><label> Type d'\u00e9v\u00e9nement <\/label><br \/>\n<span class=\"wpcf7-form-control-wrap\" data-name=\"Type-of-event\"><span class=\"wpcf7-form-control wpcf7-checkbox\"><span class=\"wpcf7-list-item first\"><label><input type=\"checkbox\" name=\"Type-of-event[]\" value=\"Mariage\" \/><span class=\"wpcf7-list-item-label\">Mariage<\/span><\/label><\/span><span class=\"wpcf7-list-item\"><label><input type=\"checkbox\" name=\"Type-of-event[]\" value=\"Corporatif\" \/><span class=\"wpcf7-list-item-label\">Corporatif<\/span><\/label><\/span><span class=\"wpcf7-list-item\"><label><input type=\"checkbox\" name=\"Type-of-event[]\" value=\"Spectacle public\" \/><span class=\"wpcf7-list-item-label\">Spectacle public<\/span><\/label><\/span><span class=\"wpcf7-list-item last\"><label><input type=\"checkbox\" name=\"Type-of-event[]\" value=\"Autre\" \/><span class=\"wpcf7-list-item-label\">Autre<\/span><\/label><\/span><\/span><\/span>\n<\/p>\n<p><label> Date de l'\u00e9v\u00e9nement<br \/>\n<span class=\"wpcf7-form-control-wrap\" data-name=\"Dateoftheevent\"><input class=\"wpcf7-form-control wpcf7-date wpcf7-validates-as-date\" aria-invalid=\"false\" value=\"\" type=\"date\" name=\"Dateoftheevent\" \/><\/span> <\/label>\n<\/p>\n<p><label> Lieu<br \/>\n<span class=\"wpcf7-form-control-wrap\" data-name=\"your-venue\"><input size=\"40\" maxlength=\"400\" class=\"wpcf7-form-control wpcf7-text\" aria-invalid=\"false\" value=\"\" type=\"text\" name=\"your-venue\" \/><\/span> <\/label>\n<\/p>\n<p><label> Nombre d'invit\u00e9s<br \/>\n<span class=\"wpcf7-form-control-wrap\" data-name=\"your-guests\"><input size=\"40\" maxlength=\"400\" class=\"wpcf7-form-control wpcf7-text\" aria-invalid=\"false\" value=\"\" type=\"text\" name=\"your-guests\" \/><\/span> <\/label>\n<\/p>\n<p><label> Budget <\/label><br \/>\n<span class=\"wpcf7-form-control-wrap\" data-name=\"Budget\"><span class=\"wpcf7-form-control wpcf7-checkbox\"><span class=\"wpcf7-list-item first\"><label><input type=\"checkbox\" name=\"Budget[]\" value=\"2000$ ou moins\" \/><span class=\"wpcf7-list-item-label\">2000$ ou moins<\/span><\/label><\/span><span class=\"wpcf7-list-item\"><label><input type=\"checkbox\" name=\"Budget[]\" value=\"2000$-3500$\" \/><span class=\"wpcf7-list-item-label\">2000$-3500$<\/span><\/label><\/span><span class=\"wpcf7-list-item\"><label><input type=\"checkbox\" name=\"Budget[]\" value=\"3500$-5000$\" \/><span class=\"wpcf7-list-item-label\">3500$-5000$<\/span><\/label><\/span><span class=\"wpcf7-list-item\"><label><input type=\"checkbox\" name=\"Budget[]\" value=\"5000$-7000$\" \/><span class=\"wpcf7-list-item-label\">5000$-7000$<\/span><\/label><\/span><span class=\"wpcf7-list-item last\"><label><input type=\"checkbox\" name=\"Budget[]\" value=\"7000$ ou plus\" \/><span class=\"wpcf7-list-item-label\">7000$ ou plus<\/span><\/label><\/span><\/span><\/span>\n<\/p>\n<p><label> Votre message (optionnel)<br \/>\n<span class=\"wpcf7-form-control-wrap\" data-name=\"your-message\"><textarea cols=\"40\" rows=\"10\" maxlength=\"2000\" class=\"wpcf7-form-control wpcf7-textarea\" aria-invalid=\"false\" name=\"your-message\"><\/textarea><\/span> <\/label>\n<\/p>\n<p><input class=\"wpcf7-form-control wpcf7-submit has-spinner\" type=\"submit\" value=\"Soumettre\" \/>\n<\/p><div class=\"wpcf7-response-output\" aria-hidden=\"true\"><\/div>\n<\/form>\n<\/div>\n[vc_empty_space][\/vc_column_inner][\/vc_row_inner][\/vc_column][\/vc_row][vc_row iron_row_type=\u00a0\u00bbfull_width\u00a0\u00bb iron_remove_padding_medium=\u00a0\u00bbtabletnopadding\u00a0\u00bb iron_remove_padding_small=\u00a0\u00bb\u00a0\u00bb iron_overlay_pattern=\u00a0\u00bb\u00a0\u00bb iron_parallax=\u00a0\u00bbparallax\u00a0\u00bb iron_bg_video=\u00a0\u00bb\u00a0\u00bb css=\u00a0\u00bb.vc_custom_1704229034970{padding-top: 10% !important;padding-bottom: 10% !important;background-image: url(https:\/\/www.montrealjazzband.com\/wp-content\/uploads\/2023\/11\/87A2668-scaled.jpg?id=4815) !important;}\u00a0\u00bb][vc_column]\t<div class=\"dividerwrap\" style=\"padding-top:px; padding-bottom:px;\">\r\n\t\t<div class=\"imagedivider center\">\r\n\t\t<img decoding=\"async\" src=\"https:\/\/www.montrealjazzband.com\/wp-content\/uploads\/2015\/05\/icon_divider_1_square3.png\" class=\"imagedividerpic\" alt=\"divider\">\r\n\t\t<\/div>\r\n\t\t<div class=\"clear\"><\/div>\r\n\t<\/div>[vc_custom_heading text=\u00a0\u00bbIl ne suffit que d\u2019une chanson<br \/>\npour faire revivre<br \/>\nmille et un souvenirs.\u00a0\u00bb font_container=\u00a0\u00bbtag:h5|font_size:40px|text_align:center|line_height:54px\u00a0\u00bb google_fonts=\u00a0\u00bbfont_family:ABeeZee%3Aregular%2Citalic|font_style:400%20regular%3A400%3Anormal\u00a0\u00bb fit_bg_text=\u00a0\u00bb0&Prime; css=\u00a0\u00bb.vc_custom_1708702205841{margin-bottom: 60px !important;}\u00a0\u00bb]\r\n\t<a target=\"_self\" data-hoverbg=\"#e8b7a1\" data-hoverborder=\"#e8b7a1\" data-hovertext=\"#26262e\"  class=\"button-widget center\" href=\"https:\/\/www.montrealjazzband.com\/fr\/music-and-video\/\" style=\"padding-left:px; padding-right:px; padding-top:px; padding-bottom:px; border-width:1px; border-radius:0px; border-color:#e8b7a1; background-color:; color:#e8b7a1\">\u00c9COUTER L'ALBUM<\/a><div class=\"clear button-clear\"><\/div>[\/vc_column][\/vc_row]<\/p>\n<\/div>","protected":false},"excerpt":{"rendered":"<p>[vc_row iron_row_type=\u00a0\u00bbfull_width\u00a0\u00bb iron_remove_padding_medium=\u00a0\u00bbtabletnopadding\u00a0\u00bb iron_remove_padding_small=\u00a0\u00bb\u00a0\u00bb iron_overlay_pattern=\u00a0\u00bb\u00a0\u00bb iron_parallax=\u00a0\u00bbparallax\u00a0\u00bb iron_bg_video=\u00a0\u00bb\u00a0\u00bb css=\u00a0\u00bb.vc_custom_1700066162344{padding-top: 13% !important;padding-bottom: 13% !important;background-image: url(https:\/\/www.montrealjazzband.com\/wp-content\/uploads\/2023\/11\/LK4A6348-scaled.jpg?id=4837) !important;}\u00a0\u00bb][vc_column][vc_custom_heading text=\u00a0\u00bbCONTACTEZ-NOUS\u00a0\u00bb font_container=\u00a0\u00bbtag:h2|font_size:20px|text_align:center|color:%23e8b7a1|line_height:15px\u00a0\u00bb google_fonts=\u00a0\u00bbfont_family:Lato%3A100%2C100italic%2C300%2C300italic%2Cregular%2Citalic%2C700%2C700italic%2C900%2C900italic|font_style:400%20regular%3A400%3Anormal\u00a0\u00bb fit_bg_text=\u00a0\u00bb0&Prime;][vc_custom_heading text=\u00a0\u00bbNous serons l\u00e0 pour vous guider \u00e0 chacune des \u00e9tapes du Processus\u00a0\u00bb font_container=\u00a0\u00bbtag:h5|font_size:40px|text_align:center|line_height:54px\u00a0\u00bb google_fonts=\u00a0\u00bbfont_family:ABeeZee%3Aregular%2Citalic|font_style:400%20regular%3A400%3Anormal\u00a0\u00bb fit_bg_text=\u00a0\u00bb0&Prime;][\/vc_column][\/vc_row][vc_row iron_row_type=\u00a0\u00bbfull_width\u00a0\u00bb iron_remove_padding_medium=\u00a0\u00bb\u00a0\u00bb iron_remove_padding_small=\u00a0\u00bb\u00a0\u00bb iron_overlay_pattern=\u00a0\u00bb\u00a0\u00bb iron_parallax=\u00a0\u00bb\u00a0\u00bb iron_bg_video=\u00a0\u00bb\u00a0\u00bb css=\u00a0\u00bb.vc_custom_1702913616986{padding-top: 60px !important;padding-bottom: 60px !important;background-image: url(https:\/\/www.montrealjazzband.com\/wp-content\/uploads\/2023\/12\/Screen-Shot-2023-12-01-at-4.24.33-PM2.jpg?id=5057) !important;}\u00a0\u00bb][vc_column][vc_row_inner iron_bg_video=\u00a0\u00bb\u00a0\u00bb css=\u00a0\u00bb.vc_custom_1702913685325{padding-top: 30px !important;}\u00a0\u00bb][vc_column_inner width=\u00a0\u00bb1\/3&Prime;][vc_custom_heading text=\u00a0\u00bbINFORMATION G\u00c9N\u00c9RALE\u00a0\u00bb font_container=\u00a0\u00bbtag:h6|font_size:14px|text_align:center|color:%231e263f|line_height:14px\u00a0\u00bb google_fonts=\u00a0\u00bbfont_family:Lato%3A100%2C100italic%2C300%2C300italic%2Cregular%2Citalic%2C700%2C700italic%2C900%2C900italic|font_style:900%20bold%20regular%3A900%3Anormal\u00a0\u00bb fit_bg_text=\u00a0\u00bb0&Prime;][vc_column_text css=\u00a0\u00bb.vc_custom_1708095501576{margin-right: 65px !important;margin-left: 65px !important;}\u00a0\u00bb] \u00c9crivez-nous si vous avez des questions. Il nous fera plaisir de vous r\u00e9pondre. Courriel : info@montrealjazzband.com T\u00e9l\u00e9phone : 514.884.9932 [&hellip;]<\/p>\n","protected":false},"author":1,"featured_media":0,"parent":0,"menu_order":0,"comment_status":"closed","ping_status":"closed","template":"","meta":{"om_disable_all_campaigns":false,"_monsterinsights_skip_tracking":false,"_monsterinsights_sitenote_active":false,"_monsterinsights_sitenote_note":"","_monsterinsights_sitenote_category":0,"footnotes":""},"class_list":["post-4172","page","type-page","status-publish","hentry"],"translation":{"provider":"WPGlobus","version":"3.0.2","language":"fr","enabled_languages":["en","fr"],"languages":{"en":{"title":true,"content":true,"excerpt":false},"fr":{"title":true,"content":true,"excerpt":false}}},"aioseo_notices":[],"_links":{"self":[{"href":"https:\/\/www.montrealjazzband.com\/fr\/wp-json\/wp\/v2\/pages\/4172","targetHints":{"allow":["GET"]}}],"collection":[{"href":"https:\/\/www.montrealjazzband.com\/fr\/wp-json\/wp\/v2\/pages"}],"about":[{"href":"https:\/\/www.montrealjazzband.com\/fr\/wp-json\/wp\/v2\/types\/page"}],"author":[{"embeddable":true,"href":"https:\/\/www.montrealjazzband.com\/fr\/wp-json\/wp\/v2\/users\/1"}],"replies":[{"embeddable":true,"href":"https:\/\/www.montrealjazzband.com\/fr\/wp-json\/wp\/v2\/comments?post=4172"}],"version-history":[{"count":10,"href":"https:\/\/www.montrealjazzband.com\/fr\/wp-json\/wp\/v2\/pages\/4172\/revisions"}],"predecessor-version":[{"id":5320,"href":"https:\/\/www.montrealjazzband.com\/fr\/wp-json\/wp\/v2\/pages\/4172\/revisions\/5320"}],"wp:attachment":[{"href":"https:\/\/www.montrealjazzband.com\/fr\/wp-json\/wp\/v2\/media?parent=4172"}],"curies":[{"name":"wp","href":"https:\/\/api.w.org\/{rel}","templated":true}]}}